{"id":969,"date":"2023-03-20T23:52:41","date_gmt":"2023-03-20T20:52:41","guid":{"rendered":"https:\/\/saratoga.com.tr\/?page_id=969"},"modified":"2024-10-11T13:27:06","modified_gmt":"2024-10-11T10:27:06","slug":"odalar","status":"publish","type":"page","link":"https:\/\/saratoga.com.tr\/tr\/odalar\/","title":{"rendered":"Odalar"},"content":{"rendered":"\t\t<div data-elementor-type=\"wp-page\" data-elementor-id=\"969\" class=\"elementor elementor-969\">\n\t\t\t\t<div class=\"elementor-element elementor-element-f160911 e-flex e-con-boxed magic-button-disabled-no elementor-invisible e-con e-parent\" data-id=\"f160911\" data-element_type=\"container\" data-e-type=\"container\" data-settings=\"{&quot;animation&quot;:&quot;fadeIn&quot;,&quot;animation_delay&quot;:100}\">\n\t\t\t\t\t<div class=\"e-con-inner\">\n\t\t<div class=\"elementor-element elementor-element-092ae05 e-flex e-con-boxed magic-button-disabled-no e-con e-child\" data-id=\"092ae05\" data-element_type=\"container\" data-e-type=\"container\">\n\t\t\t\t\t<div class=\"e-con-inner\">\n\t\t\t\t<div class=\"elementor-element elementor-element-021bcbf elementor-widget elementor-widget-heading\" data-id=\"021bcbf\" data-element_type=\"widget\" data-e-type=\"widget\" data-widget_type=\"heading.default\">\n\t\t\t\t<div class=\"elementor-widget-container\">\n\t\t\t\t\t<h3 class=\"elementor-heading-title elementor-size-default\">Odalar\u0131m\u0131z<\/h3>\t\t\t\t<\/div>\n\t\t\t\t<\/div>\n\t\t\t\t<div class=\"elementor-element elementor-element-0303481 elementor-widget-divider--view-line elementor-widget elementor-widget-divider\" data-id=\"0303481\" data-element_type=\"widget\" data-e-type=\"widget\" data-widget_type=\"divider.default\">\n\t\t\t\t<div class=\"elementor-widget-container\">\n\t\t\t\t\t\t\t<div class=\"elementor-divider\">\n\t\t\t<span class=\"elementor-divider-separator\">\n\t\t\t\t\t\t<\/span>\n\t\t<\/div>\n\t\t\t\t\t\t<\/div>\n\t\t\t\t<\/div>\n\t\t\t\t\t<\/div>\n\t\t\t\t<\/div>\n\t\t\t\t\t<\/div>\n\t\t\t\t<\/div>\n\t\t<div class=\"elementor-element elementor-element-e2a0d7b e-flex e-con-boxed magic-button-disabled-no elementor-invisible e-con e-parent\" data-id=\"e2a0d7b\" data-element_type=\"container\" data-e-type=\"container\" data-settings=\"{&quot;animation&quot;:&quot;fadeIn&quot;,&quot;animation_delay&quot;:100}\">\n\t\t\t\t\t<div class=\"e-con-inner\">\n\t\t<div class=\"elementor-element elementor-element-9807665 e-con-full e-flex magic-button-disabled-no e-con e-child\" data-id=\"9807665\" data-element_type=\"container\" data-e-type=\"container\">\n\t\t\t\t<div class=\"elementor-element elementor-element-4e16c86 h-default elementor-widget elementor-widget-litho-fancy-text-box\" data-id=\"4e16c86\" data-element_type=\"widget\" data-e-type=\"widget\" data-settings=\"{&quot;litho_fancy_text_box_styles&quot;:&quot;fancy-text-box-style-2&quot;}\" data-widget_type=\"litho-fancy-text-box.default\">\n\t\t\t\t<div class=\"elementor-widget-container\">\n\t\t\t\t\t\t\t\t\t\t<div class=\"fancy-text-box-wrapper fancy-text-box-style-2\">\n\t\t\t\t\t\t<figure>\n\t\t\t\t\t\t\t\t\t\t\t\t\t\t\t<div class=\"fancy-text-box-image\">\n\t\t\t\t\t\t\t\t\t<img decoding=\"async\" src=\"https:\/\/saratoga.com.tr\/wp-content\/uploads\/2023\/03\/Saratoga-Hotel-room-b01-2.jpg\" alt=\"Saratoga Hotel room-b01-2\"  srcset=\"https:\/\/saratoga.com.tr\/wp-content\/uploads\/2023\/03\/Saratoga-Hotel-room-b01-2.jpg 1800w, https:\/\/saratoga.com.tr\/wp-content\/uploads\/2023\/03\/Saratoga-Hotel-room-b01-2-300x200.jpg 300w, https:\/\/saratoga.com.tr\/wp-content\/uploads\/2023\/03\/Saratoga-Hotel-room-b01-2-1024x681.jpg 1024w, https:\/\/saratoga.com.tr\/wp-content\/uploads\/2023\/03\/Saratoga-Hotel-room-b01-2-768x511.jpg 768w, https:\/\/saratoga.com.tr\/wp-content\/uploads\/2023\/03\/Saratoga-Hotel-room-b01-2-1536x1021.jpg 1536w, https:\/\/saratoga.com.tr\/wp-content\/uploads\/2023\/03\/Saratoga-Hotel-room-b01-2-200x133.jpg 200w, https:\/\/saratoga.com.tr\/wp-content\/uploads\/2023\/03\/Saratoga-Hotel-room-b01-2-1568x1043.jpg 1568w\" sizes=\"(max-width: 1800px) 100vw, 1800px\" \/>\t\t\t\t\t\t\t\t\t<div class=\"fancy-text-box-details align-items-center justify-content-center d-flex flex-column\">\n\t\t\t\t\t\t\t\t\t\t<a class=\"fancy-text-button d-flex align-items-center justify-content-center flex-column\" href=\"https:\/\/saratoga.com.tr\/tr\/standart-oda\/\">\n\t\t\t\t\t\t\t\t\t\t\t\t\t\t\t\t\t\t\t\t\t\t\t\t\t\t\t\t\t\t\t\t\t\t<span>Oda Detay\u0131<\/span>\n\t\t\t\t\t\t\t\t\t\t\t\t\t\t\t\t\t\t\t\t\t<\/a>\n\t\t\t\t\t\t\t\t\t<\/div>\n\t\t\t\t\t\t\t\t<\/div>\n\t\t\t\t\t\t\t\t\t\t\t\t\t\t\t\t\t\t\t\t\t\t<figcaption>\n\t\t\t\t\t\t\t\t\t<div class=\"conter-wrap\">\n\t\t\t\t\t\t\t\t\t\t\t\t\t\t\t\t\t\t\t\t\t<h3 class=\"title\"> \t\t\t\t\t\t\t\t\t\t\t\tStandart \u00c7ift Ki\u015filik Oda\t\t\t\t\t\t\t\t\t\t\t<\/h3>\n\t\t\t\t\t\t\t\t\t\t\t\t\t\t\t\t\t\t\t\t\t\t\t\t\t\t\t\t\t<\/div>\n\t\t\t\t\t\t\t\t<\/figcaption>\n\t\t\t\t\t\t\t\t\t\t\t\t\t<\/figure>\n\t\t\t\t\t<\/div>\n\t\t\t\t\t\t\t\t\t<\/div>\n\t\t\t\t<\/div>\n\t\t\t\t<\/div>\n\t\t<div class=\"elementor-element elementor-element-0dad4a9 e-con-full e-flex magic-button-disabled-no e-con e-child\" data-id=\"0dad4a9\" data-element_type=\"container\" data-e-type=\"container\">\n\t\t\t\t<div class=\"elementor-element elementor-element-86585c0 h-default elementor-widget elementor-widget-litho-fancy-text-box\" data-id=\"86585c0\" data-element_type=\"widget\" data-e-type=\"widget\" data-settings=\"{&quot;litho_fancy_text_box_styles&quot;:&quot;fancy-text-box-style-2&quot;}\" data-widget_type=\"litho-fancy-text-box.default\">\n\t\t\t\t<div class=\"elementor-widget-container\">\n\t\t\t\t\t\t\t\t\t\t<div class=\"fancy-text-box-wrapper fancy-text-box-style-2\">\n\t\t\t\t\t\t<figure>\n\t\t\t\t\t\t\t\t\t\t\t\t\t\t\t<div class=\"fancy-text-box-image\">\n\t\t\t\t\t\t\t\t\t<img decoding=\"async\" src=\"https:\/\/saratoga.com.tr\/wp-content\/uploads\/2023\/03\/Saratoga-Hotel-room-g02-1.jpg\" alt=\"Saratoga Hotel room-g02-1\"  srcset=\"https:\/\/saratoga.com.tr\/wp-content\/uploads\/2023\/03\/Saratoga-Hotel-room-g02-1.jpg 1800w, https:\/\/saratoga.com.tr\/wp-content\/uploads\/2023\/03\/Saratoga-Hotel-room-g02-1-300x200.jpg 300w, https:\/\/saratoga.com.tr\/wp-content\/uploads\/2023\/03\/Saratoga-Hotel-room-g02-1-1024x681.jpg 1024w, https:\/\/saratoga.com.tr\/wp-content\/uploads\/2023\/03\/Saratoga-Hotel-room-g02-1-768x511.jpg 768w, https:\/\/saratoga.com.tr\/wp-content\/uploads\/2023\/03\/Saratoga-Hotel-room-g02-1-1536x1021.jpg 1536w, https:\/\/saratoga.com.tr\/wp-content\/uploads\/2023\/03\/Saratoga-Hotel-room-g02-1-200x133.jpg 200w, https:\/\/saratoga.com.tr\/wp-content\/uploads\/2023\/03\/Saratoga-Hotel-room-g02-1-1568x1043.jpg 1568w\" sizes=\"(max-width: 1800px) 100vw, 1800px\" \/>\t\t\t\t\t\t\t\t\t<div class=\"fancy-text-box-details align-items-center justify-content-center d-flex flex-column\">\n\t\t\t\t\t\t\t\t\t\t<a class=\"fancy-text-button d-flex align-items-center justify-content-center flex-column\" href=\"https:\/\/saratoga.com.tr\/tr\/deluxe-bahce-manzarali-oda\/\">\n\t\t\t\t\t\t\t\t\t\t\t\t\t\t\t\t\t\t\t\t\t\t\t\t\t\t\t\t\t\t\t\t\t\t<span>Oda Detay\u0131<\/span>\n\t\t\t\t\t\t\t\t\t\t\t\t\t\t\t\t\t\t\t\t\t<\/a>\n\t\t\t\t\t\t\t\t\t<\/div>\n\t\t\t\t\t\t\t\t<\/div>\n\t\t\t\t\t\t\t\t\t\t\t\t\t\t\t\t\t\t\t\t\t\t<figcaption>\n\t\t\t\t\t\t\t\t\t<div class=\"conter-wrap\">\n\t\t\t\t\t\t\t\t\t\t\t\t\t\t\t\t\t\t\t\t\t<h3 class=\"title\"> \t\t\t\t\t\t\t\t\t\t\t\tDeluxe Oda\t\t\t\t\t\t\t\t\t\t\t<\/h3>\n\t\t\t\t\t\t\t\t\t\t\t\t\t\t\t\t\t\t\t\t\t\t\t\t\t\t\t\t\t<\/div>\n\t\t\t\t\t\t\t\t<\/figcaption>\n\t\t\t\t\t\t\t\t\t\t\t\t\t<\/figure>\n\t\t\t\t\t<\/div>\n\t\t\t\t\t\t\t\t\t<\/div>\n\t\t\t\t<\/div>\n\t\t\t\t<\/div>\n\t\t<div class=\"elementor-element elementor-element-4dbe1ba e-con-full e-flex magic-button-disabled-no e-con e-child\" data-id=\"4dbe1ba\" data-element_type=\"container\" data-e-type=\"container\">\n\t\t\t\t<div class=\"elementor-element elementor-element-15aa5e8 h-default elementor-widget elementor-widget-litho-fancy-text-box\" data-id=\"15aa5e8\" data-element_type=\"widget\" data-e-type=\"widget\" data-settings=\"{&quot;litho_fancy_text_box_styles&quot;:&quot;fancy-text-box-style-2&quot;}\" data-widget_type=\"litho-fancy-text-box.default\">\n\t\t\t\t<div class=\"elementor-widget-container\">\n\t\t\t\t\t\t\t\t\t\t<div class=\"fancy-text-box-wrapper fancy-text-box-style-2\">\n\t\t\t\t\t\t<figure>\n\t\t\t\t\t\t\t\t\t\t\t\t\t\t\t<div class=\"fancy-text-box-image\">\n\t\t\t\t\t\t\t\t\t<img decoding=\"async\" src=\"https:\/\/saratoga.com.tr\/wp-content\/uploads\/2023\/03\/Saratoga-Hotel-room-203-5.jpg\" alt=\"Saratoga Hotel room-203-5\"  srcset=\"https:\/\/saratoga.com.tr\/wp-content\/uploads\/2023\/03\/Saratoga-Hotel-room-203-5.jpg 1800w, https:\/\/saratoga.com.tr\/wp-content\/uploads\/2023\/03\/Saratoga-Hotel-room-203-5-300x200.jpg 300w, https:\/\/saratoga.com.tr\/wp-content\/uploads\/2023\/03\/Saratoga-Hotel-room-203-5-1024x681.jpg 1024w, https:\/\/saratoga.com.tr\/wp-content\/uploads\/2023\/03\/Saratoga-Hotel-room-203-5-768x511.jpg 768w, https:\/\/saratoga.com.tr\/wp-content\/uploads\/2023\/03\/Saratoga-Hotel-room-203-5-1536x1021.jpg 1536w, https:\/\/saratoga.com.tr\/wp-content\/uploads\/2023\/03\/Saratoga-Hotel-room-203-5-200x133.jpg 200w, https:\/\/saratoga.com.tr\/wp-content\/uploads\/2023\/03\/Saratoga-Hotel-room-203-5-1568x1043.jpg 1568w\" sizes=\"(max-width: 1800px) 100vw, 1800px\" \/>\t\t\t\t\t\t\t\t\t<div class=\"fancy-text-box-details align-items-center justify-content-center d-flex flex-column\">\n\t\t\t\t\t\t\t\t\t\t<a class=\"fancy-text-button d-flex align-items-center justify-content-center flex-column\" href=\"https:\/\/saratoga.com.tr\/tr\/deluxe-garden-twin\/\">\n\t\t\t\t\t\t\t\t\t\t\t\t\t\t\t\t\t\t\t\t\t\t\t\t\t\t\t\t\t\t\t\t\t\t<span>Oda Detay\u0131<\/span>\n\t\t\t\t\t\t\t\t\t\t\t\t\t\t\t\t\t\t\t\t\t<\/a>\n\t\t\t\t\t\t\t\t\t<\/div>\n\t\t\t\t\t\t\t\t<\/div>\n\t\t\t\t\t\t\t\t\t\t\t\t\t\t\t\t\t\t\t\t\t\t<figcaption>\n\t\t\t\t\t\t\t\t\t<div class=\"conter-wrap\">\n\t\t\t\t\t\t\t\t\t\t\t\t\t\t\t\t\t\t\t\t\t<h3 class=\"title\"> \t\t\t\t\t\t\t\t\t\t\t\tDeluxe \u00c7ift Ki\u015filik veya \u0130ki Yatakl\u0131 Oda\t\t\t\t\t\t\t\t\t\t\t<\/h3>\n\t\t\t\t\t\t\t\t\t\t\t\t\t\t\t\t\t\t\t\t\t\t\t\t\t\t\t\t\t<\/div>\n\t\t\t\t\t\t\t\t<\/figcaption>\n\t\t\t\t\t\t\t\t\t\t\t\t\t<\/figure>\n\t\t\t\t\t<\/div>\n\t\t\t\t\t\t\t\t\t<\/div>\n\t\t\t\t<\/div>\n\t\t\t\t<\/div>\n\t\t<div class=\"elementor-element elementor-element-94be964 e-con-full e-flex magic-button-disabled-no e-con e-child\" data-id=\"94be964\" data-element_type=\"container\" data-e-type=\"container\">\n\t\t\t\t<div class=\"elementor-element elementor-element-cfee98f h-default elementor-widget elementor-widget-litho-fancy-text-box\" data-id=\"cfee98f\" data-element_type=\"widget\" data-e-type=\"widget\" data-settings=\"{&quot;litho_fancy_text_box_styles&quot;:&quot;fancy-text-box-style-2&quot;}\" data-widget_type=\"litho-fancy-text-box.default\">\n\t\t\t\t<div class=\"elementor-widget-container\">\n\t\t\t\t\t\t\t\t\t\t<div class=\"fancy-text-box-wrapper fancy-text-box-style-2\">\n\t\t\t\t\t\t<figure>\n\t\t\t\t\t\t\t\t\t\t\t\t\t\t\t<div class=\"fancy-text-box-image\">\n\t\t\t\t\t\t\t\t\t<img decoding=\"async\" src=\"https:\/\/saratoga.com.tr\/wp-content\/uploads\/2023\/03\/Saratoga-Hotel-room-101-2.jpg\" alt=\"Saratoga Hotel room-101-2\"  srcset=\"https:\/\/saratoga.com.tr\/wp-content\/uploads\/2023\/03\/Saratoga-Hotel-room-101-2.jpg 1800w, https:\/\/saratoga.com.tr\/wp-content\/uploads\/2023\/03\/Saratoga-Hotel-room-101-2-300x200.jpg 300w, https:\/\/saratoga.com.tr\/wp-content\/uploads\/2023\/03\/Saratoga-Hotel-room-101-2-1024x681.jpg 1024w, https:\/\/saratoga.com.tr\/wp-content\/uploads\/2023\/03\/Saratoga-Hotel-room-101-2-768x511.jpg 768w, https:\/\/saratoga.com.tr\/wp-content\/uploads\/2023\/03\/Saratoga-Hotel-room-101-2-1536x1021.jpg 1536w, https:\/\/saratoga.com.tr\/wp-content\/uploads\/2023\/03\/Saratoga-Hotel-room-101-2-200x133.jpg 200w, https:\/\/saratoga.com.tr\/wp-content\/uploads\/2023\/03\/Saratoga-Hotel-room-101-2-1568x1043.jpg 1568w\" sizes=\"(max-width: 1800px) 100vw, 1800px\" \/>\t\t\t\t\t\t\t\t\t<div class=\"fancy-text-box-details align-items-center justify-content-center d-flex flex-column\">\n\t\t\t\t\t\t\t\t\t\t<a class=\"fancy-text-button d-flex align-items-center justify-content-center flex-column\" href=\"https:\/\/saratoga.com.tr\/tr\/deluxe-kolezyum-manzarali-oda\/\">\n\t\t\t\t\t\t\t\t\t\t\t\t\t\t\t\t\t\t\t\t\t\t\t\t\t\t\t\t\t\t\t\t\t\t<span>Oda Detay\u0131<\/span>\n\t\t\t\t\t\t\t\t\t\t\t\t\t\t\t\t\t\t\t\t\t<\/a>\n\t\t\t\t\t\t\t\t\t<\/div>\n\t\t\t\t\t\t\t\t<\/div>\n\t\t\t\t\t\t\t\t\t\t\t\t\t\t\t\t\t\t\t\t\t\t<figcaption>\n\t\t\t\t\t\t\t\t\t<div class=\"conter-wrap\">\n\t\t\t\t\t\t\t\t\t\t\t\t\t\t\t\t\t\t\t\t\t<h3 class=\"title\"> \t\t\t\t\t\t\t\t\t\t\t\tDeluxe \u00c7ift  Ki\u015filik Oda\t\t\t\t\t\t\t\t\t\t\t<\/h3>\n\t\t\t\t\t\t\t\t\t\t\t\t\t\t\t\t\t\t\t\t\t\t\t\t\t\t\t\t\t<\/div>\n\t\t\t\t\t\t\t\t<\/figcaption>\n\t\t\t\t\t\t\t\t\t\t\t\t\t<\/figure>\n\t\t\t\t\t<\/div>\n\t\t\t\t\t\t\t\t\t<\/div>\n\t\t\t\t<\/div>\n\t\t\t\t<\/div>\n\t\t\t\t\t<\/div>\n\t\t\t\t<\/div>\n\t\t\t\t<\/div>\n\t\t","protected":false},"excerpt":{"rendered":"<p>Odalar\u0131m\u0131z Oda Detay\u0131 Standart \u00c7ift Ki\u015filik Oda Oda Detay\u0131 Deluxe Oda Oda Detay\u0131 Deluxe \u00c7ift Ki\u015filik veya \u0130ki Yatakl\u0131 Oda Oda Detay\u0131 Deluxe \u00c7ift Ki\u015filik Oda<\/p>\n","protected":false},"author":1,"featured_media":0,"parent":0,"menu_order":0,"comment_status":"closed","ping_status":"closed","template":"","meta":{"_joinchat":[],"footnotes":""},"class_list":["post-969","page","type-page","status-publish","hentry"],"_links":{"self":[{"href":"https:\/\/saratoga.com.tr\/tr\/wp-json\/wp\/v2\/pages\/969","targetHints":{"allow":["GET"]}}],"collection":[{"href":"https:\/\/saratoga.com.tr\/tr\/wp-json\/wp\/v2\/pages"}],"about":[{"href":"https:\/\/saratoga.com.tr\/tr\/wp-json\/wp\/v2\/types\/page"}],"author":[{"embeddable":true,"href":"https:\/\/saratoga.com.tr\/tr\/wp-json\/wp\/v2\/users\/1"}],"replies":[{"embeddable":true,"href":"https:\/\/saratoga.com.tr\/tr\/wp-json\/wp\/v2\/comments?post=969"}],"version-history":[{"count":167,"href":"https:\/\/saratoga.com.tr\/tr\/wp-json\/wp\/v2\/pages\/969\/revisions"}],"predecessor-version":[{"id":4201,"href":"https:\/\/saratoga.com.tr\/tr\/wp-json\/wp\/v2\/pages\/969\/revisions\/4201"}],"wp:attachment":[{"href":"https:\/\/saratoga.com.tr\/tr\/wp-json\/wp\/v2\/media?parent=969"}],"curies":[{"name":"wp","href":"https:\/\/api.w.org\/{rel}","templated":true}]}}