{"id":11,"date":"2023-03-10T18:52:56","date_gmt":"2023-03-10T15:52:56","guid":{"rendered":"https:\/\/saratoga.com.tr\/?page_id=11"},"modified":"2024-09-18T12:32:59","modified_gmt":"2024-09-18T09:32:59","slug":"hakkimizda","status":"publish","type":"page","link":"https:\/\/saratoga.com.tr\/tr\/hakkimizda\/","title":{"rendered":"Hakk\u0131m\u0131zda"},"content":{"rendered":"\t\t<div data-elementor-type=\"wp-page\" data-elementor-id=\"11\" class=\"elementor elementor-11\">\n\t\t\t\t<div class=\"elementor-element elementor-element-6a76a0b e-flex e-con-boxed magic-button-disabled-no elementor-invisible e-con e-parent\" data-id=\"6a76a0b\" data-element_type=\"container\" data-e-type=\"container\" data-settings=\"{&quot;animation&quot;:&quot;fadeIn&quot;,&quot;animation_delay&quot;:100}\">\n\t\t\t\t\t<div class=\"e-con-inner\">\n\t\t<div class=\"elementor-element elementor-element-8e20b70 e-con-full e-flex magic-button-disabled-no e-con e-child\" data-id=\"8e20b70\" data-element_type=\"container\" data-e-type=\"container\">\n\t\t\t\t<div class=\"elementor-element elementor-element-b044d10 elementor-widget elementor-widget-heading\" data-id=\"b044d10\" data-element_type=\"widget\" data-e-type=\"widget\" data-widget_type=\"heading.default\">\n\t\t\t\t<div class=\"elementor-widget-container\">\n\t\t\t\t\t<h5 class=\"elementor-heading-title elementor-size-default\">Sultanahmet'te tarihi yar\u0131m adan\u0131n kalbinde yer alan \u00f6zel s\u0131n\u0131f bir otelde konaklamaya haz\u0131r m\u0131s\u0131n\u0131z? <\/h5>\t\t\t\t<\/div>\n\t\t\t\t<\/div>\n\t\t\t\t<div class=\"elementor-element elementor-element-eee7548 elementor-widget elementor-widget-heading\" data-id=\"eee7548\" data-element_type=\"widget\" data-e-type=\"widget\" data-widget_type=\"heading.default\">\n\t\t\t\t<div class=\"elementor-widget-container\">\n\t\t\t\t\t<h5 class=\"elementor-heading-title elementor-size-default\">Ad\u0131m ad\u0131m tarih\u2026<\/h5>\t\t\t\t<\/div>\n\t\t\t\t<\/div>\n\t\t\t\t<div class=\"elementor-element elementor-element-2d80b08 elementor-widget elementor-widget-text-editor\" data-id=\"2d80b08\" data-element_type=\"widget\" data-e-type=\"widget\" data-widget_type=\"text-editor.default\">\n\t\t\t\t<div class=\"elementor-widget-container\">\n\t\t\t\t\t\t\t\t\t<p>Sultanahmet&#8217;te tarihi yar\u0131m adan\u0131n tam merkezinde, her ad\u0131mda ge\u00e7mi\u015fin izlerine ula\u015faca\u011f\u0131n\u0131z muhte\u015fem bir tecr\u00fcbe i\u00e7in sizi otelimizde a\u011f\u0131rlamaktan mutluluk duyuyoruz.<\/p><p>Ayasofya&#8217;ya ve tarihin izlerine y\u00fcr\u00fcme mesafesinde, tarihi kona\u011f\u0131m\u0131zda kendinizi huzurlu ve g\u00fcvende hissedeceksiniz. \u0130stanbul&#8217;un en pop\u00fcler turistik yerlerine y\u00fcr\u00fcme mesafesinde yer al\u0131rken, tarihi dokuya uygun olarak restore edilmi\u015f kona\u011f\u0131m\u0131z sizlere unutulmaz bir \u0130stanbul deneyimi sunacak.<\/p>\t\t\t\t\t\t\t\t<\/div>\n\t\t\t\t<\/div>\n\t\t\t\t<\/div>\n\t\t<div class=\"elementor-element elementor-element-7ef6763 e-con-full e-flex magic-button-disabled-no e-con e-child\" data-id=\"7ef6763\" data-element_type=\"container\" data-e-type=\"container\">\n\t\t\t\t<div class=\"elementor-element elementor-element-bcae570 elementor-widget elementor-widget-image-carousel\" data-id=\"bcae570\" data-element_type=\"widget\" data-e-type=\"widget\" data-settings=\"{&quot;slides_to_show&quot;:&quot;1&quot;,&quot;navigation&quot;:&quot;none&quot;,&quot;effect&quot;:&quot;fade&quot;,&quot;speed&quot;:3000,&quot;autoplay&quot;:&quot;yes&quot;,&quot;pause_on_hover&quot;:&quot;yes&quot;,&quot;pause_on_interaction&quot;:&quot;yes&quot;,&quot;autoplay_speed&quot;:5000,&quot;infinite&quot;:&quot;yes&quot;}\" data-widget_type=\"image-carousel.default\">\n\t\t\t\t<div class=\"elementor-widget-container\">\n\t\t\t\t\t\t\t<div class=\"elementor-image-carousel-wrapper swiper\" role=\"region\" aria-roledescription=\"carousel\" aria-label=\"Resim D\u00f6ng\u00fcs\u00fc\" dir=\"ltr\">\n\t\t\t<div class=\"elementor-image-carousel swiper-wrapper\" aria-live=\"off\">\n\t\t\t\t\t\t\t\t<div class=\"swiper-slide\" role=\"group\" aria-roledescription=\"slide\" aria-label=\"1 \/ 5\"><figure class=\"swiper-slide-inner\"><img decoding=\"async\" class=\"swiper-slide-image\" src=\"https:\/\/saratoga.com.tr\/wp-content\/uploads\/elementor\/thumbs\/4-q892ik9j0s2xpaoqd2abz49pdsqkceturb8mr352ak.jpg\" alt=\"4\" \/><\/figure><\/div><div class=\"swiper-slide\" role=\"group\" aria-roledescription=\"slide\" aria-label=\"2 \/ 5\"><figure class=\"swiper-slide-inner\"><img decoding=\"async\" class=\"swiper-slide-image\" src=\"https:\/\/saratoga.com.tr\/wp-content\/uploads\/elementor\/thumbs\/3-q892ik9j0s2xpaoqd2abz49pdsqkceturb8mr352ak.jpg\" alt=\"3\" \/><\/figure><\/div><div class=\"swiper-slide\" role=\"group\" aria-roledescription=\"slide\" aria-label=\"3 \/ 5\"><figure class=\"swiper-slide-inner\"><img decoding=\"async\" class=\"swiper-slide-image\" src=\"https:\/\/saratoga.com.tr\/wp-content\/uploads\/elementor\/thumbs\/2-q892ik9j0s2xpaoqd2abz49pdsqkceturb8mr352ak.jpg\" alt=\"2\" \/><\/figure><\/div><div class=\"swiper-slide\" role=\"group\" aria-roledescription=\"slide\" aria-label=\"4 \/ 5\"><figure class=\"swiper-slide-inner\"><img decoding=\"async\" class=\"swiper-slide-image\" src=\"https:\/\/saratoga.com.tr\/wp-content\/uploads\/elementor\/thumbs\/15-q892il7d7m480wnd7koyjm15z6lxk3xl3fw48d3o4c.jpg\" alt=\"15\" \/><\/figure><\/div><div class=\"swiper-slide\" role=\"group\" aria-roledescription=\"slide\" aria-label=\"5 \/ 5\"><figure class=\"swiper-slide-inner\"><img decoding=\"async\" class=\"swiper-slide-image\" src=\"https:\/\/saratoga.com.tr\/wp-content\/uploads\/elementor\/thumbs\/Hagia-Irene-2-q892il7d7m480wnd7koyjm15z6lxk3xl3fw48d3o4c.jpg\" alt=\"Hagia Irene (2)\" \/><\/figure><\/div>\t\t\t<\/div>\n\t\t\t\t\t\t\t\n\t\t\t\t\t\t\t\t\t<\/div>\n\t\t\t\t\t\t<\/div>\n\t\t\t\t<\/div>\n\t\t\t\t<\/div>\n\t\t\t\t\t<\/div>\n\t\t\t\t<\/div>\n\t\t<div class=\"elementor-element elementor-element-f2b78cf e-flex e-con-boxed magic-button-disabled-no e-con e-parent\" data-id=\"f2b78cf\" data-element_type=\"container\" data-e-type=\"container\">\n\t\t\t\t\t<div class=\"e-con-inner\">\n\t\t\t\t<div class=\"elementor-element elementor-element-f502207 elementor-widget elementor-widget-text-editor\" data-id=\"f502207\" data-element_type=\"widget\" data-e-type=\"widget\" data-widget_type=\"text-editor.default\">\n\t\t\t\t<div class=\"elementor-widget-container\">\n\t\t\t\t\t\t\t\t\t<p>\u00d6zel bah\u00e7emizde, sizlere \u00fccretsiz a\u00e7\u0131k b\u00fcfe kahvalt\u0131 hizmeti sunuyoruz. Ayr\u0131ca, \u00fccretsiz Wi-Fi hizmetimizle internet ba\u011flant\u0131s\u0131 konusunda da endi\u015felenmenize gerek yok. Otelimizde konaklaman\u0131z\u0131 daha konforlu hale getirmek i\u00e7in h\u0131zl\u0131 \u00e7\u0131k\u0131\u015f, bilgisayar istasyonu ve lobide kahve\/\u00e7ay imkanlar\u0131m\u0131z da mevcuttur.<\/p>\n<p>Otelimizde bagaj muhafazas\u0131 ve a\u00e7\u0131k\/kapal\u0131 bah\u00e7e bulunuyor. Tur\/bilet ve transfer gibi servisler de konuklar\u0131m\u0131z\u0131n hizmetindedir. Konuklar\u0131m\u0131zdan gelen de\u011ferlendirmelere de \u00f6nem veriyoruz; \u00f6zellikle konumumuzla ilgili harika yorumlar al\u0131yoruz.<\/p>\n<p>Odalarda sizlere \u00f6zel olarak se\u00e7ilmi\u015f bir\u00e7ok \u00f6zellik mevcut. T\u00fcm odalar\u0131m\u0131zda klima, \u00fccretsiz kablosuz internet ba\u011flant\u0131s\u0131, 24 saat oda servisi ve dijital kasa standartt\u0131r. Modern tasar\u0131ml\u0131 banyolar ve sa\u00e7 kurutma makineleri de odalar\u0131m\u0131zda bulunuyor.<\/p>\n<p>Kahve\/\u00e7ay makineleri, g\u00fcnl\u00fck temizlik hizmeti, \u00e7al\u0131\u015fma masalar\u0131 ve kasa da odalar\u0131m\u0131zda mevcut. T\u00fcm odalar\u0131m\u0131zda \u00fccretsiz banyo malzemeleri de sa\u011flan\u0131yor.<\/p>\n<p>E\u011fer \u0130stanbul&#8217;da tarihi yerleri gezmek isteyen bir turist iseniz veya i\u015f seyahati i\u00e7in konaklama ihtiyac\u0131n\u0131z varsa, sizleri otelimizde a\u011f\u0131rlamaktan mutluluk duyaca\u011f\u0131z. Konforlu odalar\u0131m\u0131z ve merkezi konumumuzla, otelimiz unutulmaz bir \u0130stanbul deneyimi i\u00e7in m\u00fckemmel bir ba\u015flang\u0131\u00e7 noktas\u0131d\u0131r.<\/p>\t\t\t\t\t\t\t\t<\/div>\n\t\t\t\t<\/div>\n\t\t\t\t\t<\/div>\n\t\t\t\t<\/div>\n\t\t\t\t<\/div>\n\t\t","protected":false},"excerpt":{"rendered":"<p>Sultanahmet&#8217;te tarihi yar\u0131m adan\u0131n kalbinde yer alan \u00f6zel s\u0131n\u0131f bir otelde konaklamaya haz\u0131r m\u0131s\u0131n\u0131z? Ad\u0131m ad\u0131m tarih\u2026 Sultanahmet&#8217;te tarihi yar\u0131m adan\u0131n tam merkezinde, her ad\u0131mda ge\u00e7mi\u015fin izlerine ula\u015faca\u011f\u0131n\u0131z muhte\u015fem bir tecr\u00fcbe i\u00e7in sizi otelimizde a\u011f\u0131rlamaktan mutluluk duyuyoruz. Ayasofya&#8217;ya ve tarihin izlerine y\u00fcr\u00fcme mesafesinde, tarihi kona\u011f\u0131m\u0131zda kendinizi huzurlu ve g\u00fcvende hissedeceksiniz. \u0130stanbul&#8217;un en pop\u00fcler turistik yerlerine [&hellip;]<\/p>\n","protected":false},"author":1,"featured_media":0,"parent":0,"menu_order":0,"comment_status":"closed","ping_status":"closed","template":"","meta":{"_joinchat":[],"footnotes":""},"class_list":["post-11","page","type-page","status-publish","hentry"],"_links":{"self":[{"href":"https:\/\/saratoga.com.tr\/tr\/wp-json\/wp\/v2\/pages\/11","targetHints":{"allow":["GET"]}}],"collection":[{"href":"https:\/\/saratoga.com.tr\/tr\/wp-json\/wp\/v2\/pages"}],"about":[{"href":"https:\/\/saratoga.com.tr\/tr\/wp-json\/wp\/v2\/types\/page"}],"author":[{"embeddable":true,"href":"https:\/\/saratoga.com.tr\/tr\/wp-json\/wp\/v2\/users\/1"}],"replies":[{"embeddable":true,"href":"https:\/\/saratoga.com.tr\/tr\/wp-json\/wp\/v2\/comments?post=11"}],"version-history":[{"count":92,"href":"https:\/\/saratoga.com.tr\/tr\/wp-json\/wp\/v2\/pages\/11\/revisions"}],"predecessor-version":[{"id":4136,"href":"https:\/\/saratoga.com.tr\/tr\/wp-json\/wp\/v2\/pages\/11\/revisions\/4136"}],"wp:attachment":[{"href":"https:\/\/saratoga.com.tr\/tr\/wp-json\/wp\/v2\/media?parent=11"}],"curies":[{"name":"wp","href":"https:\/\/api.w.org\/{rel}","templated":true}]}}